{"id":86,"date":"2022-02-04T14:13:06","date_gmt":"2022-02-04T14:13:06","guid":{"rendered":"https:\/\/onlineistentisztelet.hu\/test\/?page_id=86"},"modified":"2022-04-16T14:01:12","modified_gmt":"2022-04-16T12:01:12","slug":"kozvetites","status":"publish","type":"page","link":"https:\/\/onlineistentisztelet.hu\/test\/?page_id=86","title":{"rendered":"K\u00f6zvet\u00edt\u00e9s"},"content":{"rendered":"<p>[et_pb_section fb_built=&#8221;1&#8243; admin_label=&#8221;Hero&#8221; _builder_version=&#8221;4.16&#8243; use_background_color_gradient=&#8221;on&#8221; background_color_gradient_direction=&#8221;146deg&#8221; background_color_gradient_stops=&#8221;#f4e255 0%|#005f77 100%&#8221; background_color_gradient_start=&#8221;#f4e255&#8243; background_color_gradient_end=&#8221;#005f77&#8243; custom_margin=&#8221;|||&#8221; custom_padding=&#8221;43px||0px|||&#8221; box_shadow_style=&#8221;preset4&#8243; box_shadow_horizontal=&#8221;0px&#8221; box_shadow_vertical=&#8221;-100px&#8221; box_shadow_color=&#8221;#ffffff&#8221; box_shadow_position=&#8221;inner&#8221; global_colors_info=&#8221;{}&#8221;][et_pb_row _builder_version=&#8221;4.16&#8243; background_size=&#8221;initial&#8221; background_position=&#8221;top_left&#8221; background_repeat=&#8221;repeat&#8221; custom_margin=&#8221;|auto|-4px|auto||&#8221; global_colors_info=&#8221;{}&#8221;][et_pb_column type=&#8221;4_4&#8243; _builder_version=&#8221;4.16&#8243; custom_padding=&#8221;|||&#8221; global_colors_info=&#8221;{}&#8221; custom_padding__hover=&#8221;|||&#8221;][et_pb_text admin_label=&#8221;Title&#8221; _builder_version=&#8221;4.16&#8243; text_font=&#8221;||||||||&#8221; header_font=&#8221;Montserrat|500|||||||&#8221; header_text_align=&#8221;center&#8221; header_font_size=&#8221;84px&#8221; background_layout=&#8221;dark&#8221; animation_style=&#8221;zoom&#8221; animation_direction=&#8221;left&#8221; animation_intensity_zoom=&#8221;10%&#8221; header_font_size_tablet=&#8221;50px&#8221; header_font_size_phone=&#8221;&#8221; header_font_size_last_edited=&#8221;on|phone&#8221; global_colors_info=&#8221;{}&#8221;]<\/p>\n<h1>\u00c9l\u0151 k\u00f6zvet\u00edt\u00e9s<\/h1>\n<p>[\/et_pb_text][et_pb_divider color=&#8221;rgba(255,255,255,0.7)&#8221; divider_weight=&#8221;3px&#8221; _builder_version=&#8221;4.16&#8243; max_width=&#8221;100px&#8221; module_alignment=&#8221;center&#8221; animation_style=&#8221;zoom&#8221; animation_direction=&#8221;left&#8221; global_colors_info=&#8221;{}&#8221;][\/et_pb_divider][et_pb_text _builder_version=&#8221;4.16&#8243; text_font=&#8221;Montserrat|300|||||||&#8221; text_text_color=&#8221;rgba(255,255,255,0.7)&#8221; text_font_size=&#8221;20px&#8221; text_orientation=&#8221;center&#8221; background_layout=&#8221;dark&#8221; max_width=&#8221;700px&#8221; module_alignment=&#8221;center&#8221; animation_style=&#8221;zoom&#8221; animation_direction=&#8221;left&#8221; animation_delay=&#8221;100ms&#8221; animation_intensity_zoom=&#8221;10%&#8221; global_colors_info=&#8221;{}&#8221;]<\/p>\n<p style=\"text-align: center;\"><span style=\"font-weight: 400;\">Csatlakozz hozz\u00e1nk minden szombaton 11 \u00f3r\u00e1t\u00f3l!<\/span><\/p>\n<p>[\/et_pb_text][et_pb_text _builder_version=&#8221;4.17.1&#8243; text_font=&#8221;Montserrat|300|||||||&#8221; text_text_color=&#8221;rgba(255,255,255,0.7)&#8221; text_font_size=&#8221;20px&#8221; text_orientation=&#8221;center&#8221; background_layout=&#8221;dark&#8221; max_width=&#8221;1152px&#8221; module_alignment=&#8221;center&#8221; animation_style=&#8221;zoom&#8221; animation_direction=&#8221;left&#8221; animation_delay=&#8221;100ms&#8221; animation_intensity_zoom=&#8221;10%&#8221; hover_enabled=&#8221;0&#8243; global_colors_info=&#8221;{}&#8221; sticky_enabled=&#8221;0&#8243;]<iframe loading=\"lazy\" src=\"https:\/\/www.youtube.com\/embed\/live_stream?channel=UC7L2vTHfXatXh0TPVNoZQoQ\" frameborder=\"0\" allowfullscreen=\"\" width=\"1280\" height=\"720\"><\/iframe>[\/et_pb_text][\/et_pb_column][\/et_pb_row][et_pb_row _builder_version=&#8221;4.16&#8243; allow_player_pause=&#8221;on&#8221; custom_padding=&#8221;27px|0px|0px|0px&#8221; global_colors_info=&#8221;{}&#8221;][et_pb_column type=&#8221;4_4&#8243; _builder_version=&#8221;4.16&#8243; custom_padding=&#8221;|||&#8221; global_colors_info=&#8221;{}&#8221; custom_padding__hover=&#8221;|||&#8221;][et_pb_video src=&#8221;https:\/\/youtu.be\/_A_2DnISRRE&#8221; _builder_version=&#8221;4.16&#8243; animation_style=&#8221;slide&#8221; animation_direction=&#8221;bottom&#8221; animation_intensity_slide=&#8221;5%&#8221; animation_starting_opacity=&#8221;100%&#8221; border_radii=&#8221;off|2px|2px|12px|12px&#8221; box_shadow_style=&#8221;preset3&#8243; box_shadow_vertical=&#8221;35px&#8221; box_shadow_blur=&#8221;100px&#8221; box_shadow_spread=&#8221;0px&#8221; box_shadow_color=&#8221;rgba(0,0,0,0.2)&#8221; global_colors_info=&#8221;{}&#8221;][\/et_pb_video][\/et_pb_column][\/et_pb_row][\/et_pb_section][et_pb_section fb_built=&#8221;1&#8243; _builder_version=&#8221;4.16&#8243; _module_preset=&#8221;default&#8221; global_colors_info=&#8221;{}&#8221;][et_pb_row column_structure=&#8221;1_2,1_2&#8243; _builder_version=&#8221;4.16&#8243; _module_preset=&#8221;default&#8221; global_colors_info=&#8221;{}&#8221;][et_pb_column type=&#8221;1_2&#8243; _builder_version=&#8221;4.16&#8243; _module_preset=&#8221;default&#8221; global_colors_info=&#8221;{}&#8221;][et_pb_cta button_url=&#8221;http:\/\/www.youtube.com\/c\/onlineistentisztelet&#8221; url_new_window=&#8221;on&#8221; button_text=&#8221;\u25b6  YouTube-on megn\u00e9zem&#8221; _builder_version=&#8221;4.16&#8243; _module_preset=&#8221;default&#8221; background_color=&#8221;rgba(119,119,119,0)&#8221; custom_button=&#8221;on&#8221; button_text_color=&#8221;#FFFFFF&#8221; button_bg_color=&#8221;#ff0000&#8243; button_border_width=&#8221;0px&#8221; button_border_radius=&#8221;6px&#8221; button_use_icon=&#8221;off&#8221; background_layout=&#8221;light&#8221; custom_padding=&#8221;15%||10%||false|false&#8221; link_option_url=&#8221;www.youtube.com\/c\/onlineistentisztelet&#8221; link_option_url_new_window=&#8221;on&#8221; border_radii=&#8221;on|12px|12px|12px|12px&#8221; box_shadow_style=&#8221;preset1&#8243; box_shadow_style_button=&#8221;preset3&#8243; global_colors_info=&#8221;{}&#8221;]<\/p>\n<p><span>N\u00e9zd vissza a kor\u00e1bbi igehirdet\u00e9seinket m\u00e1s t\u00e9m\u00e1kban is!<\/span><\/p>\n<p>[\/et_pb_cta][\/et_pb_column][et_pb_column type=&#8221;1_2&#8243; _builder_version=&#8221;4.16&#8243; _module_preset=&#8221;default&#8221; global_colors_info=&#8221;{}&#8221;][et_pb_code _builder_version=&#8221;4.16&#8243; _module_preset=&#8221;default&#8221; global_colors_info=&#8221;{}&#8221;]<iframe loading=\"lazy\" style=\"border-radius:12px\" src=\"https:\/\/open.spotify.com\/embed\/show\/1iZwKL0V2j7waZmGfBkunb?utm_source=generator&#038;theme=0\" width=\"100%\" height=\"232\" frameBorder=\"0\" allowfullscreen=\"\" allow=\"autoplay; clipboard-write; encrypted-media; fullscreen; picture-in-picture\"><\/iframe>[\/et_pb_code][\/et_pb_column][\/et_pb_row][\/et_pb_section][et_pb_section fb_built=&#8221;1&#8243; admin_label=&#8221;Register&#8221; _builder_version=&#8221;4.16&#8243; use_background_color_gradient=&#8221;on&#8221; background_color_gradient_direction=&#8221;240deg&#8221; background_color_gradient_stops=&#8221;#005f77 0%|rgba(0,95,119,0.45) 100%&#8221; background_color_gradient_overlays_image=&#8221;on&#8221; background_color_gradient_start=&#8221;#005f77&#8243; background_color_gradient_end=&#8221;rgba(0,95,119,0.45)&#8221; background_image=&#8221;https:\/\/onlineistentisztelet.hu\/test\/wp-content\/uploads\/2022\/02\/art-lasovsky-8XddFc6NkBY-unsplash.jpg&#8221; custom_padding=&#8221;90px||90px|&#8221; animation_style=&#8221;slide&#8221; animation_direction=&#8221;bottom&#8221; animation_intensity_slide=&#8221;10%&#8221; animation_starting_opacity=&#8221;100%&#8221; global_colors_info=&#8221;{}&#8221;][et_pb_row _builder_version=&#8221;4.16&#8243; global_colors_info=&#8221;{}&#8221;][et_pb_column type=&#8221;4_4&#8243; _builder_version=&#8221;4.16&#8243; custom_padding=&#8221;|||&#8221; global_colors_info=&#8221;{}&#8221; custom_padding__hover=&#8221;|||&#8221;][et_pb_text admin_label=&#8221;Subtitle&#8221; _builder_version=&#8221;4.16&#8243; text_font=&#8221;Montserrat|500||on|||||&#8221; text_orientation=&#8221;center&#8221; background_layout=&#8221;dark&#8221; animation_style=&#8221;fade&#8221; global_colors_info=&#8221;{}&#8221;]<\/p>\n<p>K\u00e9rd\u00e9sed van?<\/p>\n<p>[\/et_pb_text][et_pb_text admin_label=&#8221;Title&#8221; _builder_version=&#8221;4.16&#8243; text_font=&#8221;||||||||&#8221; header_font=&#8221;||||||||&#8221; header_2_font=&#8221;Montserrat|500|||||||&#8221; header_2_text_align=&#8221;center&#8221; header_2_font_size=&#8221;30px&#8221; background_layout=&#8221;dark&#8221; animation_style=&#8221;fade&#8221; global_colors_info=&#8221;{}&#8221;]<\/p>\n<h2>\u00cdrj nek\u00fcnk!<\/h2>\n<p>[\/et_pb_text][et_pb_divider color=&#8221;#ffffff&#8221; divider_weight=&#8221;3px&#8221; _builder_version=&#8221;4.16&#8243; max_width=&#8221;80px&#8221; module_alignment=&#8221;center&#8221; animation_style=&#8221;fade&#8221; global_colors_info=&#8221;{}&#8221;][\/et_pb_divider][et_pb_text disabled_on=&#8221;on|on|on&#8221; _builder_version=&#8221;4.16&#8243; text_font=&#8221;Montserrat|300|||||||&#8221; header_font=&#8221;||||||||&#8221; text_orientation=&#8221;center&#8221; background_layout=&#8221;dark&#8221; max_width=&#8221;700px&#8221; module_alignment=&#8221;center&#8221; custom_margin=&#8221;||70px|&#8221; animation_style=&#8221;fade&#8221; disabled=&#8221;on&#8221; global_colors_info=&#8221;{}&#8221;]<\/p>\n<p>Lorem ipsum dolor sit amet, consectetuer adipiscing elit, sed diam nonummy nibh euismod tincidunt ut laoreet dolore magna aliquam<\/p>\n<p>[\/et_pb_text][et_pb_button button_url=&#8221;https:\/\/onlineistentisztelet.hu\/test\/?page_id=94&#8243; button_text=&#8221;Kapcsolatfelv\u00e9tel&#8221; button_alignment=&#8221;center&#8221; _builder_version=&#8221;4.16&#8243; custom_button=&#8221;on&#8221; button_text_size=&#8221;14px&#8221; button_bg_color=&#8221;rgba(0,0,0,0.1)&#8221; button_border_width=&#8221;0px&#8221; button_border_color=&#8221;#405ce6&#8243; button_border_radius=&#8221;55px&#8221; button_font=&#8221;Montserrat|500||on|||||&#8221; background_layout=&#8221;dark&#8221; custom_margin=&#8221;20px|||&#8221; custom_padding=&#8221;20px|45px|20px|45px&#8221; global_colors_info=&#8221;{}&#8221; button_text_size__hover_enabled=&#8221;off&#8221; button_one_text_size__hover_enabled=&#8221;off&#8221; button_two_text_size__hover_enabled=&#8221;off&#8221; button_text_color__hover_enabled=&#8221;off&#8221; button_one_text_color__hover_enabled=&#8221;off&#8221; button_two_text_color__hover_enabled=&#8221;off&#8221; button_border_width__hover_enabled=&#8221;off&#8221; button_one_border_width__hover_enabled=&#8221;off&#8221; button_two_border_width__hover_enabled=&#8221;off&#8221; button_border_color__hover_enabled=&#8221;off&#8221; button_one_border_color__hover_enabled=&#8221;off&#8221; button_two_border_color__hover_enabled=&#8221;off&#8221; button_border_radius__hover_enabled=&#8221;off&#8221; button_one_border_radius__hover_enabled=&#8221;off&#8221; button_two_border_radius__hover_enabled=&#8221;off&#8221; button_letter_spacing__hover_enabled=&#8221;off&#8221; button_one_letter_spacing__hover_enabled=&#8221;off&#8221; button_two_letter_spacing__hover_enabled=&#8221;off&#8221; button_bg_color__hover_enabled=&#8221;off&#8221; button_one_bg_color__hover_enabled=&#8221;off&#8221; button_two_bg_color__hover_enabled=&#8221;off&#8221;][\/et_pb_button][\/et_pb_column][\/et_pb_row][\/et_pb_section][et_pb_section fb_built=&#8221;1&#8243; _builder_version=&#8221;4.16&#8243; _module_preset=&#8221;default&#8221; background_enable_color=&#8221;off&#8221; use_background_color_gradient=&#8221;on&#8221; background_color_gradient_direction=&#8221;291deg&#8221; background_color_gradient_stops=&#8221;#ed4f2f 0%|#071642 100%&#8221; background_color_gradient_start=&#8221;#ed4f2f&#8221; background_color_gradient_end=&#8221;#071642&#8243; background_color_gradient_stops_tablet=&#8221;#ed4f2f 0%|#071642 100%&#8221; background_color_gradient_stops_phone=&#8221;#ed4f2f 0%|#071642 100%&#8221; global_module=&#8221;211&#8243; global_colors_info=&#8221;{}&#8221;][et_pb_row _builder_version=&#8221;4.16&#8243; _module_preset=&#8221;default&#8221; global_colors_info=&#8221;{}&#8221;][et_pb_column type=&#8221;4_4&#8243; _builder_version=&#8221;4.16&#8243; _module_preset=&#8221;default&#8221; global_colors_info=&#8221;{}&#8221;][et_pb_text _builder_version=&#8221;4.16&#8243; _module_preset=&#8221;default&#8221; custom_margin=&#8221;||14px|||&#8221; global_colors_info=&#8221;{}&#8221;]<\/p>\n<h3 style=\"text-align: center;color:white;\">T\u00e1mogathatod szolg\u00e1latunkat<\/h3>\n<p>[\/et_pb_text][et_pb_divider color=&#8221;#E09900&#8243; divider_weight=&#8221;3px&#8221; _builder_version=&#8221;4.16&#8243; _module_preset=&#8221;default&#8221; width=&#8221;18%&#8221; module_alignment=&#8221;center&#8221; global_colors_info=&#8221;{}&#8221;][\/et_pb_divider][\/et_pb_column][\/et_pb_row][et_pb_row column_structure=&#8221;1_3,1_3,1_3&#8243; _builder_version=&#8221;4.16&#8243; _module_preset=&#8221;default&#8221; global_colors_info=&#8221;{}&#8221;][et_pb_column type=&#8221;1_3&#8243; _builder_version=&#8221;4.16&#8243; _module_preset=&#8221;default&#8221; global_colors_info=&#8221;{}&#8221;][et_pb_text _builder_version=&#8221;4.16&#8243; _module_preset=&#8221;default&#8221; custom_css_main_element=&#8221;color:white;&#8221; global_colors_info=&#8221;{}&#8221;]<\/p>\n<p><span><span style=\"font-weight: 400;\">Gy\u00fclekezet\u00fcnk a k\u00f6zvet\u00edt\u00e9s \u00e9s m\u00e1s szolg\u00e1lati ter\u00fcletek kiad\u00e1sait kiz\u00e1r\u00f3lag saj\u00e1t forr\u00e1saib\u00f3l, azaz a tagok adom\u00e1nyaib\u00f3l fedezi.\u00a0 <\/span>Neked is van lehet\u0151s\u00e9ged <strong>tized<\/strong>del, <strong>h\u00e1laadom\u00e1n<\/strong>n<strong>y<\/strong>al t\u00e1mogatni a szolg\u00e1latunkat.<\/span><\/p>\n<p>[\/et_pb_text][\/et_pb_column][et_pb_column type=&#8221;1_3&#8243; _builder_version=&#8221;4.16&#8243; _module_preset=&#8221;default&#8221; global_colors_info=&#8221;{}&#8221;][et_pb_text _builder_version=&#8221;4.16&#8243; _module_preset=&#8221;default&#8221; custom_css_main_element=&#8221;color:white;&#8221; global_colors_info=&#8221;{}&#8221;]<\/p>\n<p><span>Sz\u00e1mlasz\u00e1munk:<br \/><strong>10401048-50495750-53561009<\/strong> (K&amp;H Bank)<\/span><\/p>\n<p><span>Utal\u00e1s e-mail c\u00edmre: <strong><a href=\"mailto:zuglo@adventista.hu;\">zuglo@adventista.hu<\/a><\/strong><\/span><\/p>\n<p>[\/et_pb_text][\/et_pb_column][et_pb_column type=&#8221;1_3&#8243; _builder_version=&#8221;4.16&#8243; _module_preset=&#8221;default&#8221; global_colors_info=&#8221;{}&#8221;][et_pb_text _builder_version=&#8221;4.16&#8243; _module_preset=&#8221;default&#8221; custom_css_main_element=&#8221;color:white;&#8221; global_colors_info=&#8221;{}&#8221;]<span>K\u00e9r\u00fcnk a <span style=\"text-decoration: underline;\">k\u00f6zlem\u00e9ny mez\u0151ben<\/span> t\u00fcntesd fel milyen c\u00e9lra adakozol: <strong>Tized\/Gy\u00fclekezet\/Misszi\u00f3<\/strong><\/span>[\/et_pb_text][\/et_pb_column][\/et_pb_row][\/et_pb_section][et_pb_section fb_built=&#8221;1&#8243; _builder_version=&#8221;4.16&#8243; _module_preset=&#8221;default&#8221; use_background_color_gradient=&#8221;on&#8221; background_image=&#8221;https:\/\/onlineistentisztelet.hu\/test\/wp-content\/uploads\/2022\/02\/daiga-ellaby-7edWO30e32k-unsplash_01.jpg&#8221; custom_padding=&#8221;11%||||false|false&#8221; global_colors_info=&#8221;{}&#8221;][et_pb_row _builder_version=&#8221;4.16&#8243; _module_preset=&#8221;default&#8221; global_colors_info=&#8221;{}&#8221;][et_pb_column type=&#8221;4_4&#8243; _builder_version=&#8221;4.16&#8243; _module_preset=&#8221;default&#8221; global_colors_info=&#8221;{}&#8221;][\/et_pb_column][\/et_pb_row][\/et_pb_section][et_pb_section fb_built=&#8221;1&#8243; _builder_version=&#8221;4.14.6&#8243; _module_preset=&#8221;default&#8221; background_color=&#8221;#59252f&#8221; custom_padding=&#8221;||18px|||&#8221; global_module=&#8221;198&#8243; saved_tabs=&#8221;all&#8221; global_colors_info=&#8221;{}&#8221;][et_pb_row column_structure=&#8221;2_3,1_3&#8243; _builder_version=&#8221;4.16&#8243; _module_preset=&#8221;default&#8221; global_colors_info=&#8221;{}&#8221;][et_pb_column type=&#8221;2_3&#8243; _builder_version=&#8221;4.16&#8243; _module_preset=&#8221;default&#8221; global_colors_info=&#8221;{}&#8221;][et_pb_text _builder_version=&#8221;4.16&#8243; _module_preset=&#8221;default&#8221; custom_css_main_element=&#8221;color:white;&#8221; global_colors_info=&#8221;{}&#8221;]<\/p>\n<h4 style=\"color: white;\"><span>Rendszeresen l\u00e1togathat\u00f3 programjaink:<\/span><\/h4>\n<h6 style=\"color: white;\"><span><em>Minden alkalmunk nyitott, szeretettel v\u00e1runk szem\u00e9lyesen is!<\/em><br \/>\n<\/span><\/h6>\n<p><span><\/span><\/p>\n<p><span>K\u00f6z\u00f6s Bibliatanulm\u00e1nyoz\u00e1s <strong>szombat 10:00<\/strong><br \/>\nIstentisztelet <strong>szombat 11:00<\/strong><\/span><\/p>\n<p><span>Minden tov\u00e1bbi programot a <strong><a href=\"https:\/\/www.facebook.com\/adventista.zuglo\" target=\"_blank\" rel=\"noopener\" style=\"color: white;\"><span style=\"font-size: 28px;\">f<\/span>acebook<\/a><\/strong> oldalunkon tal\u00e1lsz!<\/span>[\/et_pb_text][\/et_pb_column][et_pb_column type=&#8221;1_3&#8243; _builder_version=&#8221;4.16&#8243; _module_preset=&#8221;default&#8221; global_colors_info=&#8221;{}&#8221;][et_pb_image src=&#8221;https:\/\/onlineistentisztelet.hu\/test\/wp-content\/uploads\/2022\/02\/onl_logo_white.png&#8221; title_text=&#8221;onl_logo_white&#8221; _builder_version=&#8221;4.16&#8243; _module_preset=&#8221;default&#8221; width=&#8221;72%&#8221; global_colors_info=&#8221;{}&#8221;][\/et_pb_image][\/et_pb_column][\/et_pb_row][\/et_pb_section]<\/p>\n","protected":false},"excerpt":{"rendered":"<p>\u00c9l\u0151 k\u00f6zvet\u00edt\u00e9sCsatlakozz hozz\u00e1nk minden szombaton 11 \u00f3r\u00e1t\u00f3l!N\u00e9zd vissza a kor\u00e1bbi igehirdet\u00e9seinket m\u00e1s t\u00e9m\u00e1kban is!K\u00e9rd\u00e9sed van?\u00cdrj nek\u00fcnk!Lorem ipsum dolor sit amet, consectetuer adipiscing elit, sed diam nonummy nibh euismod tincidunt ut laoreet dolore magna aliquamT\u00e1mogathatod szolg\u00e1latunkatGy\u00fclekezet\u00fcnk a k\u00f6zvet\u00edt\u00e9s \u00e9s m\u00e1s szolg\u00e1lati ter\u00fcletek kiad\u00e1sait kiz\u00e1r\u00f3lag saj\u00e1t forr\u00e1saib\u00f3l, azaz a tagok adom\u00e1nyaib\u00f3l fedezi.\u00a0 Neked is van lehet\u0151s\u00e9ged tizeddel, [&hellip;]<\/p>\n","protected":false},"author":2,"featured_media":0,"parent":0,"menu_order":0,"comment_status":"closed","ping_status":"open","template":"","meta":{"_et_pb_use_builder":"on","_et_pb_old_content":"","_et_gb_content_width":""},"_links":{"self":[{"href":"https:\/\/onlineistentisztelet.hu\/test\/index.php?rest_route=\/wp\/v2\/pages\/86"}],"collection":[{"href":"https:\/\/onlineistentisztelet.hu\/test\/index.php?rest_route=\/wp\/v2\/pages"}],"about":[{"href":"https:\/\/onlineistentisztelet.hu\/test\/index.php?rest_route=\/wp\/v2\/types\/page"}],"author":[{"embeddable":true,"href":"https:\/\/onlineistentisztelet.hu\/test\/index.php?rest_route=\/wp\/v2\/users\/2"}],"replies":[{"embeddable":true,"href":"https:\/\/onlineistentisztelet.hu\/test\/index.php?rest_route=%2Fwp%2Fv2%2Fcomments&post=86"}],"version-history":[{"count":35,"href":"https:\/\/onlineistentisztelet.hu\/test\/index.php?rest_route=\/wp\/v2\/pages\/86\/revisions"}],"predecessor-version":[{"id":359,"href":"https:\/\/onlineistentisztelet.hu\/test\/index.php?rest_route=\/wp\/v2\/pages\/86\/revisions\/359"}],"wp:attachment":[{"href":"https:\/\/onlineistentisztelet.hu\/test\/index.php?rest_route=%2Fwp%2Fv2%2Fmedia&parent=86"}],"curies":[{"name":"wp","href":"https:\/\/api.w.org\/{rel}","templated":true}]}}